{"id":294,"date":"2023-01-03T13:42:23","date_gmt":"2023-01-03T13:42:23","guid":{"rendered":"https:\/\/budgettech.com.tr\/mesmerize\/"},"modified":"2023-02-01T08:25:19","modified_gmt":"2023-02-01T08:25:19","slug":"mesmerize","status":"publish","type":"page","link":"https:\/\/budgettech.com.tr\/","title":{"rendered":"Ana Sayfa"},"content":{"rendered":"<div  data-label=\"Overlappable\" data-id=\"overlappable--1\" data-export-id=\"overlappable-4\" data-category=\"overlappable\" class=\"overlappable-4 content-section content-section-spacing\" data-overlap=\"true\" id=\"overlappable-1\" style=\"background-color: rgb(255, 255, 255);\"><div  class=\"gridContainer\"> <div  data-type=\"row\" class=\"row spaced-cols text-center\"><div  class=\"col-xs-12 col-sm-4 col-padding\"> <i  class=\"fa icon shadow-large-black aligncenter color1 fa-rocket reverse round large\"><\/i> <div  data-type=\"column\" class=\"\"> <h5  class=\"\">HIZLI<\/h5> <p  class=\"\">\u0130htiya\u00e7lar\u0131n\u0131z do\u011frultusunda taleplerinizi h\u0131zl\u0131 bir \u015fekilde yerine getirmeyi hedefliyoruz<\/p><\/div> <\/div> <div  class=\"col-xs-12 col-sm-4 col-padding\"> <i  class=\"fa icon shadow-large-black aligncenter color1 fa-handshake-o reverse round large\"><\/i> <div  data-type=\"column\" class=\"\"><h5  class=\"\">G\u00dcVEN\u0130L\u0130R<\/h5> <p  class=\"\">Verdi\u011fimiz hizmetin kalitesine ve kar\u015f\u0131l\u0131kl\u0131 g\u00fcvene \u00f6nem veriyoruz&nbsp;<\/p><\/div> <\/div> <div  class=\"col-xs-12 col-sm-4 col-padding\"> <i  class=\"fa icon shadow-large-black aligncenter color1 fa-cogs reverse round large\"><\/i> <div  data-type=\"column\" class=\"\"><h5  class=\"\">S\u00dcRD\u00dcR\u00dcLEB\u0130L\u0130R<\/h5> <p  class=\"\">Hem d\u00fcnyam\u0131z hem de m\u00fc\u015fterilerimiz i\u00e7in s\u00fcrd\u00fcr\u00fclebilirlik mottosunu benimsiyoruz<\/p><\/div> <\/div><\/div> <\/div><\/div><div  id=\"features-10\" style=\"background-color: #ffffff;\" data-label=\"Features\" data-id=\"features-16-card-bordered\" data-export-id=\"features-16-card-bordered\" data-category=\"features\" class=\"features-16-card-bordered content-section content-section-spacing\"><div  class=\"gridContainer\"> <div  class=\"row text-center\"><div  class=\"section-title-col\" data-type=\"column\"> <h2  class=\"no-after\">\u00dcr\u00fcn ve \u00c7\u00f6z\u00fcmlerimiz<\/h2> <\/div> <\/div> <div  class=\"row spaced-cols\" data-type=\"row\"> <div  class=\"col-xs-12 col-sm-6 col-md-4\"> <div  class=\"card no-padding bordered y-move\"> <a data-cp-link=\"1\" href=\"#\" target=\"_self\" rel=\"noopener\"><img  decoding=\"async\" class=\"face\" src=\"https:\/\/budgettech.com.tr\/wp-content\/uploads\/2023\/01\/cropped-notebook.jpg\"><\/a> <div  data-type=\"column\" class=\"col-padding-small col-padding-small-xs description-container\"> <h4  class=\"font-500\"><b >&nbsp; &nbsp; &nbsp; &nbsp; &nbsp; &nbsp; &nbsp; &nbsp; &nbsp; &nbsp;Bilgisayar<\/b>\n\n<br >&nbsp; &nbsp; &nbsp; &nbsp;<\/h4> <p  class=\"\"><\/p><\/div> <div  data-type=\"column\" class=\"col-padding-small col-padding-small-xs read-more-container\"><\/div> <\/div><\/div> <div  class=\"col-xs-12 col-sm-6 col-md-4\"><div  class=\"card no-padding bordered y-move\"> <img  decoding=\"async\" class=\"face\" src=\"https:\/\/budgettech.com.tr\/wp-content\/uploads\/2023\/01\/cropped-yazici.jpg\" title=\"cropped-yazici.jpg\" alt=\"\"> <div  data-type=\"column\" class=\"col-padding-small col-padding-small-xs description-container\"> <h4  class=\"font-500\"><b >&nbsp; &nbsp; &nbsp; &nbsp;Profesyonel Yaz\u0131c\u0131lar&nbsp; &nbsp; &nbsp; &nbsp; &nbsp; &nbsp; &nbsp; &nbsp; &nbsp; &nbsp; &nbsp; &nbsp; &nbsp; ve&nbsp;Taray\u0131c\u0131lar<\/b><\/h4> <p  class=\"\"><\/p><\/div> <div  data-type=\"column\" class=\"col-padding-small col-padding-small-xs read-more-container\"><\/div> <\/div><\/div> <div  class=\"col-xs-12 col-sm-6 col-md-4\"><div  class=\"card no-padding bordered y-move\"> <img  decoding=\"async\" class=\"face\" src=\"https:\/\/budgettech.com.tr\/wp-content\/uploads\/2023\/01\/cropped-server_rack_tower_hp-1.jpg\" title=\"cropped-server_rack_tower_hp-1.jpg\" alt=\"\"> <div  data-type=\"column\" class=\"col-padding-small col-padding-small-xs description-container\"> <h4  class=\"font-500\"><b >&nbsp; &nbsp; Sunucu, Depolama ve A\u011f&nbsp; &nbsp; &nbsp; &nbsp; &nbsp; &nbsp; &nbsp; &nbsp; &nbsp; &nbsp; &nbsp; &nbsp; &nbsp; &nbsp; &nbsp;\u00dcr\u00fcnleri<\/b><\/h4> <p  class=\"\"><\/p><\/div> <div  data-type=\"column\" class=\"col-padding-small col-padding-small-xs read-more-container\"><\/div> <\/div><\/div> <div  class=\"col-xs-12 col-sm-6 col-md-4\"> <div  class=\"card no-padding bordered y-move\"> <img  decoding=\"async\" class=\"face\" src=\"https:\/\/budgettech.com.tr\/wp-content\/uploads\/2023\/01\/cropped-protime-kamera-sistemleri.png\" title=\"cropped-protime-kamera-sistemleri.png\" alt=\"\"> <div  data-type=\"column\" class=\"col-padding-small col-padding-small-xs description-container\"> <h4  class=\"font-500\"><b >&nbsp;Elektronik G\u00fcvenlik ve Kamera&nbsp; &nbsp; &nbsp; &nbsp; &nbsp; &nbsp; &nbsp; &nbsp; &nbsp; &nbsp; &nbsp;Sistemleri\n<\/b><\/h4> <p  class=\"\"><\/p><\/div> <div  data-type=\"column\" class=\"col-padding-small col-padding-small-xs read-more-container\"><\/div> <\/div><\/div><div  class=\"col-xs-12 col-sm-6 col-md-4\"> <div  class=\"card no-padding bordered y-move\"> <a data-cp-link=\"1\" href=\"#\" target=\"_self\" rel=\"noopener\"><img  decoding=\"async\" class=\"face\" src=\"https:\/\/budgettech.com.tr\/wp-content\/uploads\/2023\/01\/cropped-videokonferans.jpg\"><\/a> <div  data-type=\"column\" class=\"col-padding-small col-padding-small-xs description-container\"> <h4  class=\"font-500\"><b >&nbsp; &nbsp; Projekt\u00f6r ve Toplant\u0131 Odas\u0131&nbsp; &nbsp; &nbsp; &nbsp; &nbsp; &nbsp; &nbsp; &nbsp; &nbsp; &nbsp; &nbsp; \u00c7\u00f6z\u00fcmleri<\/b><\/h4> <p  class=\"\"><\/p><\/div> <div  data-type=\"column\" class=\"col-padding-small col-padding-small-xs read-more-container\"><\/div> <\/div><\/div><div  class=\"col-xs-12 col-sm-6 col-md-4\"> <div  class=\"card no-padding bordered y-move\"> <a data-cp-link=\"1\" href=\"#\" target=\"_self\" rel=\"noopener\"><img  decoding=\"async\" class=\"face\" src=\"https:\/\/budgettech.com.tr\/wp-content\/uploads\/2023\/01\/cropped-yazilim.jpg\"><\/a> <div  data-type=\"column\" class=\"col-padding-small col-padding-small-xs description-container\"> <h4  class=\"font-500\"><b >&nbsp; &nbsp; &nbsp; &nbsp; &nbsp; &nbsp; &nbsp; &nbsp; &nbsp; &nbsp; Yaz\u0131l\u0131m\n<\/b>\n\n<br >&nbsp; &nbsp; &nbsp; &nbsp;&nbsp;<\/h4><p  class=\"\"><\/p> <\/div> <div  data-type=\"column\" class=\"col-padding-small col-padding-small-xs read-more-container\"><\/div> <\/div><\/div><\/div><\/div> <\/div><div  id=\"content-13\" style=\"background-color: #f5fafd;\" data-label=\"Content\" data-id=\"content-2\" data-export-id=\"content-2\" data-category=\"content\" class=\"content-2 content-section content-section-spacing\"><div > <div  class=\"row middle-xs\"><div  class=\"col-sm-5 bg-image shadow-large-black\" data-bg=\"image\" style=\"background-image: url(&quot;https:\/\/budgettech.com.tr\/wp-content\/uploads\/2023\/01\/cropped-parmak.jpeg&quot;);\"><\/div> <div  class=\"col-sm-7 full-col-left-padding full-col-right-padding\"> <div  class=\"row\"> <div  data-type=\"column\" class=\"space-bottom-small content-title-col\">  <h2  class=\"no-after\" style=\"border-bottom-color: rgba(255, 152, 0, 0.894);\">Ba\u015far\u0131m\u0131z\u0131n S\u0131rr\u0131<\/h2> <p  class=\"\">M\u00fc\u015fterilerimizin ihtiya\u00e7lar\u0131 do\u011frultusunda haz\u0131rlad\u0131\u011f\u0131m\u0131z sistemler,&nbsp;\u00fcr\u00fcn tedari\u011fi ve kopmayan g\u00fc\u00e7l\u00fc ileti\u015fim sayesinde tercih ediliyoruz<\/p><\/div> <\/div> <div  class=\"row spaced-cols \" data-type=\"row\"> <div  class=\"col-xs-6\" data-type=\"column\"> <h5  class=\"\">\u0130htiyaca g\u00f6re Sistemler<\/h5> <p  class=\"\">\u0130htiya\u00e7lar\u0131n\u0131za ve isteklerinize g\u00f6re sistem tasar\u0131mlar\u0131<\/p><\/div> <div  class=\"col-xs-6\" data-type=\"column\"><h5  class=\"\">Spesifik \u00dcr\u00fcnler<\/h5> <p  class=\"\">\u00d6zel tasar\u0131m \u00fcr\u00fcnler<\/p><\/div> <div  class=\"col-xs-6\" data-type=\"column\"><h5  class=\"\">Proje \u00dcr\u00fcnler<\/h5> <p  class=\"\">Proje kapsam\u0131nda \u00fcr\u00fcn ve tasar\u0131mlar<\/p><\/div> <div  class=\"col-xs-6\" data-type=\"column\"><h5  class=\"\">Haz\u0131r \u00c7\u00f6z\u00fcmler<\/h5> <p  class=\"\">Haz\u0131r \u00fcr\u00fcn tedari\u011fi<\/p><\/div> <\/div><\/div> <\/div><\/div> <\/div><div  data-label=\"Cta\" data-id=\"cta--1\" data-export-id=\"cta-blue-section\" data-category=\"cta\" class=\"cta-blue-section content-section content-section-spacing-medium bg-color1 white-text\" id=\"cta-1\" style=\"background-color: rgb(255, 255, 255);\"><div  class=\"\"> <div  class=\"row middle-xs\"><div  class=\"col-sm-8 space-bottom-xs\" data-type=\"column\">  <\/div> <div  class=\"col-sm-4 end-sm\" data-type=\"column\"> <\/div> <\/div><\/div> <\/div>","protected":false},"excerpt":{"rendered":"<p>HIZLI \u0130htiya\u00e7lar\u0131n\u0131z do\u011frultusunda taleplerinizi h\u0131zl\u0131 bir \u015fekilde yerine getirmeyi hedefliyoruz G\u00dcVEN\u0130L\u0130R Verdi\u011fimiz hizmetin kalitesine ve kar\u015f\u0131l\u0131kl\u0131 g\u00fcvene \u00f6nem veriyoruz&nbsp; S\u00dcRD\u00dcR\u00dcLEB\u0130L\u0130R Hem d\u00fcnyam\u0131z hem de m\u00fc\u015fterilerimiz i\u00e7in s\u00fcrd\u00fcr\u00fclebilirlik mottosunu benimsiyoruz \u00dcr\u00fcn ve \u00c7\u00f6z\u00fcmlerimiz &nbsp; &nbsp; &nbsp; &nbsp; &nbsp; &nbsp; &nbsp; &nbsp; &nbsp; &nbsp;Bilgisayar &nbsp; &nbsp; &nbsp; &nbsp; &nbsp; &nbsp; &nbsp; &nbsp;Profesyonel Yaz\u0131c\u0131lar&nbsp; &nbsp; &nbsp; &nbsp; &nbsp;&hellip; <br \/> <a class=\"read-more\" href=\"https:\/\/budgettech.com.tr\/\">Devam\u0131<\/a><\/p>\n","protected":false},"author":1,"featured_media":0,"parent":0,"menu_order":0,"comment_status":"closed","ping_status":"closed","template":"page-templates\/homepage.php","meta":{"footnotes":""},"class_list":["post-294","page","type-page","status-publish","hentry"],"_links":{"self":[{"href":"https:\/\/budgettech.com.tr\/index.php?rest_route=\/wp\/v2\/pages\/294","targetHints":{"allow":["GET"]}}],"collection":[{"href":"https:\/\/budgettech.com.tr\/index.php?rest_route=\/wp\/v2\/pages"}],"about":[{"href":"https:\/\/budgettech.com.tr\/index.php?rest_route=\/wp\/v2\/types\/page"}],"author":[{"embeddable":true,"href":"https:\/\/budgettech.com.tr\/index.php?rest_route=\/wp\/v2\/users\/1"}],"replies":[{"embeddable":true,"href":"https:\/\/budgettech.com.tr\/index.php?rest_route=%2Fwp%2Fv2%2Fcomments&post=294"}],"version-history":[{"count":74,"href":"https:\/\/budgettech.com.tr\/index.php?rest_route=\/wp\/v2\/pages\/294\/revisions"}],"predecessor-version":[{"id":680,"href":"https:\/\/budgettech.com.tr\/index.php?rest_route=\/wp\/v2\/pages\/294\/revisions\/680"}],"wp:attachment":[{"href":"https:\/\/budgettech.com.tr\/index.php?rest_route=%2Fwp%2Fv2%2Fmedia&parent=294"}],"curies":[{"name":"wp","href":"https:\/\/api.w.org\/{rel}","templated":true}]}}