{"id":336,"date":"2023-01-04T07:45:24","date_gmt":"2023-01-04T07:45:24","guid":{"rendered":"https:\/\/budgettech.com.tr\/?page_id=336"},"modified":"2023-01-18T13:15:15","modified_gmt":"2023-01-18T13:15:15","slug":"hakkimizda","status":"publish","type":"page","link":"https:\/\/budgettech.com.tr\/?page_id=336","title":{"rendered":"Hizmetlerimiz"},"content":{"rendered":"\t\t<div data-elementor-type=\"wp-page\" data-elementor-id=\"336\" class=\"elementor elementor-336\">\n\t\t\t\t\t\t\t\t\t<section class=\"elementor-section elementor-top-section elementor-element elementor-element-23e4e7a elementor-section-boxed elementor-section-height-default elementor-section-height-default\" data-id=\"23e4e7a\" data-element_type=\"section\">\n\t\t\t\t\t\t<div class=\"elementor-container elementor-column-gap-default\">\n\t\t\t\t\t<div class=\"elementor-column elementor-col-33 elementor-top-column elementor-element elementor-element-e18dab4\" data-id=\"e18dab4\" data-element_type=\"column\">\n\t\t\t<div class=\"elementor-widget-wrap elementor-element-populated\">\n\t\t\t\t\t\t\t\t<div class=\"elementor-element elementor-element-d89e41d elementor-widget elementor-widget-text-editor\" data-id=\"d89e41d\" data-element_type=\"widget\" data-widget_type=\"text-editor.default\">\n\t\t\t\t<div class=\"elementor-widget-container\">\n\t\t\t<style>\/*! elementor - v3.10.1 - 17-01-2023 *\/\n.elementor-widget-text-editor.elementor-drop-cap-view-stacked .elementor-drop-cap{background-color:#818a91;color:#fff}.elementor-widget-text-editor.elementor-drop-cap-view-framed .elementor-drop-cap{color:#818a91;border:3px solid;background-color:transparent}.elementor-widget-text-editor:not(.elementor-drop-cap-view-default) .elementor-drop-cap{margin-top:8px}.elementor-widget-text-editor:not(.elementor-drop-cap-view-default) .elementor-drop-cap-letter{width:1em;height:1em}.elementor-widget-text-editor .elementor-drop-cap{float:left;text-align:center;line-height:1;font-size:50px}.elementor-widget-text-editor .elementor-drop-cap-letter{display:inline-block}<\/style>\t\t\t\t<p style=\"text-align: center;\"><span style=\"color: var( --e-global-color-text ); font-family: var( --e-global-typography-text-font-family ), Sans-serif; font-weight: var( --e-global-typography-text-font-weight );\">&nbsp;<\/span><\/p>\n<p style=\"text-align: center;\"><span style=\"color: var( --e-global-color-text ); font-family: var( --e-global-typography-text-font-family ), Sans-serif; font-weight: var( --e-global-typography-text-font-weight );\">Sat\u0131\u015f<\/span><\/p>\n<p style=\"text-align: center;\">M\u00fc\u015fterilerimizin ihtiya\u00e7lar\u0131 do\u011frultusunda geni\u015f \u00fcr\u00fcn yelpazesiyle minimum maliyet maksimum fayda odakl\u0131 \u00e7\u00f6z\u00fcm anlay\u0131\u015f\u0131m\u0131zla kamera sistemleri, toplant\u0131 odas\u0131 sunum ve konferans \u00fcr\u00fcnleri, sunucu, bilgisayar, network \u00e7evre birimleri, Depolama \u00e7\u00f6z\u00fcmleri, a\u011f \u00e7\u00f6z\u00fcmleri, bask\u0131lama ve tarama \u00e7\u00f6z\u00fcmleri alanlar\u0131nda \u00fcr\u00fcn ve proje bazl\u0131 \u00e7\u00f6z\u00fcmler sunmaktay\u0131z.<\/p><p style=\"text-align: center;\"><br><\/p>\n<p style=\"margin-bottom: 16px; text-align: center;\">Dan\u0131\u015fmanl\u0131k<\/p>\n<p style=\"margin-bottom: 16px; text-align: center;\">Denetim \u00f6ncesi haz\u0131rl\u0131k, KVK uyum s\u00fcreci, Lisanslama, Proje Y\u00f6netimi ve di\u011fer talepleriniz do\u011frultusunda dan\u0131\u015fmanl\u0131k hizmeti sunmaktay\u0131z.<\/p>\t\t\t\t\t\t<\/div>\n\t\t\t\t<\/div>\n\t\t\t\t\t<\/div>\n\t\t<\/div>\n\t\t\t\t<div class=\"elementor-column elementor-col-33 elementor-top-column elementor-element elementor-element-456b92e\" data-id=\"456b92e\" data-element_type=\"column\">\n\t\t\t<div class=\"elementor-widget-wrap\">\n\t\t\t\t\t\t\t\t\t<\/div>\n\t\t<\/div>\n\t\t\t\t<div class=\"elementor-column elementor-col-33 elementor-top-column elementor-element elementor-element-b48393b\" data-id=\"b48393b\" data-element_type=\"column\">\n\t\t\t<div class=\"elementor-widget-wrap elementor-element-populated\">\n\t\t\t\t\t\t\t\t<div class=\"elementor-element elementor-element-4c81aec elementor-widget__width-initial elementor-invisible elementor-widget elementor-widget-image\" data-id=\"4c81aec\" data-element_type=\"widget\" data-settings=\"{&quot;_animation&quot;:&quot;fadeInLeft&quot;}\" data-widget_type=\"image.default\">\n\t\t\t\t<div class=\"elementor-widget-container\">\n\t\t\t<style>\/*! elementor - v3.10.1 - 17-01-2023 *\/\n.elementor-widget-image{text-align:center}.elementor-widget-image a{display:inline-block}.elementor-widget-image a img[src$=\".svg\"]{width:48px}.elementor-widget-image img{vertical-align:middle;display:inline-block}<\/style>\t\t\t\t\t\t\t\t\t\t\t\t<img loading=\"lazy\" decoding=\"async\" width=\"593\" height=\"400\" src=\"https:\/\/budgettech.com.tr\/wp-content\/uploads\/2023\/01\/services.png\" class=\"attachment-large size-large wp-image-752\" alt=\"\" srcset=\"https:\/\/budgettech.com.tr\/wp-content\/uploads\/2023\/01\/services.png 593w, https:\/\/budgettech.com.tr\/wp-content\/uploads\/2023\/01\/services-300x202.png 300w\" sizes=\"auto, (max-width: 593px) 100vw, 593px\" \/>\t\t\t\t\t\t\t\t\t\t\t\t\t\t\t<\/div>\n\t\t\t\t<\/div>\n\t\t\t\t\t<\/div>\n\t\t<\/div>\n\t\t\t\t\t\t\t<\/div>\n\t\t<\/section>\n\t\t\t\t\t\t\t<\/div>\n\t\t","protected":false},"excerpt":{"rendered":"<p>&nbsp; Sat\u0131\u015f M\u00fc\u015fterilerimizin ihtiya\u00e7lar\u0131 do\u011frultusunda geni\u015f \u00fcr\u00fcn yelpazesiyle minimum maliyet maksimum fayda odakl\u0131 \u00e7\u00f6z\u00fcm anlay\u0131\u015f\u0131m\u0131zla kamera sistemleri, toplant\u0131 odas\u0131 sunum ve konferans \u00fcr\u00fcnleri, sunucu, bilgisayar, network \u00e7evre birimleri, Depolama \u00e7\u00f6z\u00fcmleri, a\u011f \u00e7\u00f6z\u00fcmleri, bask\u0131lama ve tarama \u00e7\u00f6z\u00fcmleri alanlar\u0131nda \u00fcr\u00fcn ve proje bazl\u0131 \u00e7\u00f6z\u00fcmler sunmaktay\u0131z. Dan\u0131\u015fmanl\u0131k Denetim \u00f6ncesi haz\u0131rl\u0131k, KVK uyum s\u00fcreci, Lisanslama, Proje Y\u00f6netimi ve di\u011fer&hellip; <br \/> <a class=\"read-more\" href=\"https:\/\/budgettech.com.tr\/?page_id=336\">Devam\u0131<\/a><\/p>\n","protected":false},"author":1,"featured_media":0,"parent":0,"menu_order":0,"comment_status":"closed","ping_status":"closed","template":"","meta":{"footnotes":""},"class_list":["post-336","page","type-page","status-publish","hentry"],"_links":{"self":[{"href":"https:\/\/budgettech.com.tr\/index.php?rest_route=\/wp\/v2\/pages\/336","targetHints":{"allow":["GET"]}}],"collection":[{"href":"https:\/\/budgettech.com.tr\/index.php?rest_route=\/wp\/v2\/pages"}],"about":[{"href":"https:\/\/budgettech.com.tr\/index.php?rest_route=\/wp\/v2\/types\/page"}],"author":[{"embeddable":true,"href":"https:\/\/budgettech.com.tr\/index.php?rest_route=\/wp\/v2\/users\/1"}],"replies":[{"embeddable":true,"href":"https:\/\/budgettech.com.tr\/index.php?rest_route=%2Fwp%2Fv2%2Fcomments&post=336"}],"version-history":[{"count":52,"href":"https:\/\/budgettech.com.tr\/index.php?rest_route=\/wp\/v2\/pages\/336\/revisions"}],"predecessor-version":[{"id":780,"href":"https:\/\/budgettech.com.tr\/index.php?rest_route=\/wp\/v2\/pages\/336\/revisions\/780"}],"wp:attachment":[{"href":"https:\/\/budgettech.com.tr\/index.php?rest_route=%2Fwp%2Fv2%2Fmedia&parent=336"}],"curies":[{"name":"wp","href":"https:\/\/api.w.org\/{rel}","templated":true}]}}