{"id":339,"date":"2023-01-04T07:45:36","date_gmt":"2023-01-04T07:45:36","guid":{"rendered":"https:\/\/budgettech.com.tr\/?page_id=339"},"modified":"2023-01-19T09:26:03","modified_gmt":"2023-01-19T09:26:03","slug":"iletisim-2","status":"publish","type":"page","link":"https:\/\/budgettech.com.tr\/?page_id=339","title":{"rendered":"\u0130leti\u015fim"},"content":{"rendered":"\n<p><\/p>\n\n\n\n<div class=\"wp-block-group is-nowrap is-layout-flex wp-container-core-group-is-layout-ad2f72ca wp-block-group-is-layout-flex\">\n<div class=\"wp-block-group\"><div class=\"wp-block-group__inner-container is-layout-constrained wp-block-group-is-layout-constrained\">\n<iframe src=\"https:\/\/www.google.com\/maps\/embed?pb=!1m18!1m12!1m3!1d3007.9378578427245!2d29.01370995094291!3d41.07035097919294!2m3!1f0!2f0!3f0!3m2!1i1024!2i768!4f13.1!3m3!1m2!1s0x14cab644309fd86b%3A0x91aeff59c32de66a!2zVXlndXIgxLDFnyBNZXJrZXpp!5e0!3m2!1str!2str!4v1672820384052!5m2!1str!2str\" width=\"600\" height=\"450\" style=\"border:0;\" allowfullscreen=\"\" loading=\"lazy\" referrerpolicy=\"no-referrer-when-downgrade\"><\/iframe>\n<\/div><\/div>\n\n\n\n<div class=\"wp-block-group is-nowrap is-layout-flex wp-container-core-group-is-layout-ad2f72ca wp-block-group-is-layout-flex\">\n<div class=\"wp-block-group is-nowrap is-layout-flex wp-container-core-group-is-layout-ad2f72ca wp-block-group-is-layout-flex\"><\/div>\n\n\n\n<div class=\"wp-block-group is-nowrap is-layout-flex wp-container-core-group-is-layout-ad2f72ca wp-block-group-is-layout-flex\"><\/div>\n\n\n\n<div class=\"wp-block-group is-nowrap is-layout-flex wp-container-core-group-is-layout-ad2f72ca wp-block-group-is-layout-flex\"><\/div>\n<\/div>\n\n\n\n<div class=\"wp-block-group\"><div class=\"wp-block-group__inner-container is-layout-constrained wp-block-group-is-layout-constrained\">\n<p><\/p>\n\n\n\n<p><\/p>\n\n\n\n<p><strong>Adresimiz : <\/strong>Nisbetiye Mah. Gazi G\u00fc\u00e7nar Sok. Uygur \u0130\u015f Merkezi No:4 D:2<\/p>\n\n\n\n<p>Be\u015fikta\u015f \/ \u0130stanbul<\/p>\n\n\n\n<p><strong>Mail :<\/strong> info@budgettech.com.tr<\/p>\n\n\n\n<p><strong>Telefon :<\/strong> +90 532 210 29 49\u00a0<\/p>\n<\/div><\/div>\n<\/div>\n\n\n\n<p><\/p>\n","protected":false},"excerpt":{"rendered":"<p>Adresimiz : Nisbetiye Mah. Gazi G\u00fc\u00e7nar Sok. Uygur \u0130\u015f Merkezi No:4 D:2 Be\u015fikta\u015f \/ \u0130stanbul Mail : info@budgettech.com.tr Telefon : +90 532 210 29 49\u00a0<\/p>\n","protected":false},"author":1,"featured_media":0,"parent":0,"menu_order":0,"comment_status":"closed","ping_status":"closed","template":"","meta":{"footnotes":""},"class_list":["post-339","page","type-page","status-publish","hentry"],"_links":{"self":[{"href":"https:\/\/budgettech.com.tr\/index.php?rest_route=\/wp\/v2\/pages\/339","targetHints":{"allow":["GET"]}}],"collection":[{"href":"https:\/\/budgettech.com.tr\/index.php?rest_route=\/wp\/v2\/pages"}],"about":[{"href":"https:\/\/budgettech.com.tr\/index.php?rest_route=\/wp\/v2\/types\/page"}],"author":[{"embeddable":true,"href":"https:\/\/budgettech.com.tr\/index.php?rest_route=\/wp\/v2\/users\/1"}],"replies":[{"embeddable":true,"href":"https:\/\/budgettech.com.tr\/index.php?rest_route=%2Fwp%2Fv2%2Fcomments&post=339"}],"version-history":[{"count":10,"href":"https:\/\/budgettech.com.tr\/index.php?rest_route=\/wp\/v2\/pages\/339\/revisions"}],"predecessor-version":[{"id":847,"href":"https:\/\/budgettech.com.tr\/index.php?rest_route=\/wp\/v2\/pages\/339\/revisions\/847"}],"wp:attachment":[{"href":"https:\/\/budgettech.com.tr\/index.php?rest_route=%2Fwp%2Fv2%2Fmedia&parent=339"}],"curies":[{"name":"wp","href":"https:\/\/api.w.org\/{rel}","templated":true}]}}